{"id":158,"date":"2024-11-06T12:09:22","date_gmt":"2024-11-06T11:09:22","guid":{"rendered":"https:\/\/hormoncoaching-drknoechel.de\/kontakt\/"},"modified":"2025-03-13T11:37:02","modified_gmt":"2025-03-13T10:37:02","slug":"contact","status":"publish","type":"page","link":"https:\/\/hormoncoaching-drknoechel.de\/en\/contact\/","title":{"rendered":"Contact"},"content":{"rendered":"<div id='full_slider_1'  class='avia-fullwidth-slider main_color avia-shadow   avia-builder-el-0  el_before_av_section  avia-builder-el-first   container_wrap sidebar_right'  ><div  class='avia-slideshow av-1f9b4-4afaae228b94b9485f74e1a91781d91e avia-slideshow-featured av_slideshow_full avia-slide-slider av-slideshow-ui av-control-default av-slideshow-manual av-loop-once av-loop-manual-endless av-default-height-applied   avia-slideshow-1' data-slideshow-options=\"{&quot;animation&quot;:&quot;slide&quot;,&quot;autoplay&quot;:false,&quot;loop_autoplay&quot;:&quot;once&quot;,&quot;interval&quot;:5,&quot;loop_manual&quot;:&quot;manual-endless&quot;,&quot;autoplay_stopper&quot;:false,&quot;noNavigation&quot;:false,&quot;bg_slider&quot;:false,&quot;keep_padding&quot;:false,&quot;hoverpause&quot;:false,&quot;show_slide_delay&quot;:0}\"  itemprop=\"image\" itemscope=\"itemscope\" itemtype=\"https:\/\/schema.org\/ImageObject\" ><ul class='avia-slideshow-inner ' style='padding-bottom: 32.8244274809%;'><li  class='avia-slideshow-slide av-1f9b4-4afaae228b94b9485f74e1a91781d91e__0  av-single-slide slide-1 slide-odd'><div data-rel='slideshow-1' class='avia-slide-wrap '   ><img decoding=\"async\" fetchpriority=\"high\" class=\"wp-image-185 avia-img-lazy-loading-not-185\"  src=\"https:\/\/hormoncoaching-drknoechel.de\/wp-content\/uploads\/2024\/12\/header-jk-4_1310x450-1310x430.webp\" width=\"1310\" height=\"430\" title='header-jk-4_1310x450' alt='Header Hormoncoaching Dr. Judith Kn\u00f6chel'  itemprop=\"thumbnailUrl\"   \/><\/div><\/li><\/ul><\/div><\/div>\n<div id='adress'  class='avia-section av-cxc6c-8ca15d281426019bc10df2da2028c0e4 main_color avia-section-large avia-no-border-styling  avia-builder-el-1  el_after_av_slideshow_full  el_before_av_section  avia-bg-style-scroll container_wrap sidebar_right'  ><div class='container av-section-cont-open' ><div class='template-page content  av-content-small alpha units'><div class='post-entry post-entry-type-page post-entry-158'><div class='entry-content-wrapper clearfix'>\n\n<style type=\"text\/css\" data-created_by=\"avia_inline_auto\" id=\"style-css-av-c2x9o-cff2a3d55dc79395f389df564386ffd7\">\n.flex_column.av-c2x9o-cff2a3d55dc79395f389df564386ffd7{\nwidth:31.3333333333%;\n}\n<\/style>\n<div  class='flex_column av-c2x9o-cff2a3d55dc79395f389df564386ffd7 av_one_third  avia-builder-el-2  el_before_av_two_third  avia-builder-el-first  first av-break-at-tablet flex_column_div  '     ><section  class='av_textblock_section av-bjmlc-c429f6e7a46c8683e627ff1c39e5af03 '   itemscope=\"itemscope\" itemtype=\"https:\/\/schema.org\/CreativeWork\" ><div class='avia_textblock'  itemprop=\"text\" ><h1>Adress<\/h1>\n<\/div><\/section><\/div>\n<style type=\"text\/css\" data-created_by=\"avia_inline_auto\" id=\"style-css-av-b815k-965aca2cc99b668d4994da2b0666c35d\">\n.flex_column.av-b815k-965aca2cc99b668d4994da2b0666c35d{\nwidth:65.6666666667%;\nmargin-left:3%;\n}\n<\/style>\n<div  class='flex_column av-b815k-965aca2cc99b668d4994da2b0666c35d av_two_third  avia-builder-el-4  el_after_av_one_third  avia-builder-el-last  av-break-at-tablet flex_column_div  '     ><section  class='av_textblock_section av-abxis-bbae49e352c620747cfbff16655b6a87 '   itemscope=\"itemscope\" itemtype=\"https:\/\/schema.org\/CreativeWork\" ><div class='avia_textblock'  itemprop=\"text\" ><h2>Privatarztpraxis Dr. med. Judith Kn\u00f6chel<\/h2>\n<p>Fach\u00e4rztin f\u00fcr Allgemeinmedizin, Hormoncoaching, Pr\u00e4ventivmedizin<br \/>\nRothenburgstra\u00dfe 33<br \/>\n12165 Berlin<br \/>\n<a href=\"mailto:praxis@hormoncoaching-drknoechel.de\">praxis@hormoncoaching-drknoechel.de<\/a><\/p>\n<h2>Consultation hours<\/h2>\n<p>by appointment<\/p>\n<\/div><\/section><br \/>\n\n<style type=\"text\/css\" data-created_by=\"avia_inline_auto\" id=\"style-css-av-m3rkwfmt-c8628aefd136fb8da0d535898a3b4f3b\">\n#top .hr.hr-invisible.av-m3rkwfmt-c8628aefd136fb8da0d535898a3b4f3b{\nheight:50px;\n}\n<\/style>\n<div  class='hr av-m3rkwfmt-c8628aefd136fb8da0d535898a3b4f3b hr-invisible  avia-builder-el-6  el_after_av_textblock  el_before_av_codeblock '><span class='hr-inner '><span class=\"hr-inner-style\"><\/span><\/span><\/div><br \/>\n<\/p><\/div><\/div><\/div><\/div><!-- close content main div --><\/div><\/div><div id='formular'  class='avia-section av-m3rkulhe-2e701b8ca07207a19983a600b1f92a86 main_color avia-section-large avia-no-border-styling  avia-builder-el-8  el_after_av_section  avia-builder-el-last  avia-bg-style-scroll container_wrap sidebar_right'  ><div class='container av-section-cont-open' ><div class='template-page content  av-content-small alpha units'><div class='post-entry post-entry-type-page post-entry-158'><div class='entry-content-wrapper clearfix'>\n\n<style type=\"text\/css\" data-created_by=\"avia_inline_auto\" id=\"style-css-av-xvds-15cdbbe760bd4ae22bf5509d31084744\">\n.flex_column.av-xvds-15cdbbe760bd4ae22bf5509d31084744{\nwidth:31.3333333333%;\n}\n<\/style>\n<div  class='flex_column av-xvds-15cdbbe760bd4ae22bf5509d31084744 av_one_third  avia-builder-el-9  el_before_av_two_third  avia-builder-el-first  first av-break-at-tablet flex_column_div  '     ><section  class='av_textblock_section av-m3rl3vyu-7cca136a2cdf91766c09982cf65d67b3 '   itemscope=\"itemscope\" itemtype=\"https:\/\/schema.org\/CreativeWork\" ><div class='avia_textblock'  itemprop=\"text\" ><h1><strong>Contact form<\/strong><\/h1>\n<\/div><\/section><\/div>\n<style type=\"text\/css\" data-created_by=\"avia_inline_auto\" id=\"style-css-av-15u18-ec3e239db0eb63061610f2bdaf8aae92\">\n.flex_column.av-15u18-ec3e239db0eb63061610f2bdaf8aae92{\nwidth:65.6666666667%;\nmargin-left:3%;\n}\n<\/style>\n<div  class='flex_column av-15u18-ec3e239db0eb63061610f2bdaf8aae92 av_two_third  avia-builder-el-11  el_after_av_one_third  avia-builder-el-last  av-break-at-tablet flex_column_div  '     ><\/div>\n<\/div><\/div><\/div><!-- close content main div --><\/div><\/div><div id='after_section_2'  class='main_color av_default_container_wrap container_wrap sidebar_right'  ><div class='container av-section-cont-open' ><div class='template-page content  av-content-small alpha units'><div class='post-entry post-entry-type-page post-entry-158'><div class='entry-content-wrapper clearfix'><\/p>\n","protected":false},"excerpt":{"rendered":"","protected":false},"author":1,"featured_media":0,"parent":0,"menu_order":0,"comment_status":"closed","ping_status":"closed","template":"","meta":{"footnotes":""},"class_list":["post-158","page","type-page","status-publish","hentry"],"aioseo_notices":[],"_links":{"self":[{"href":"https:\/\/hormoncoaching-drknoechel.de\/en\/wp-json\/wp\/v2\/pages\/158","targetHints":{"allow":["GET"]}}],"collection":[{"href":"https:\/\/hormoncoaching-drknoechel.de\/en\/wp-json\/wp\/v2\/pages"}],"about":[{"href":"https:\/\/hormoncoaching-drknoechel.de\/en\/wp-json\/wp\/v2\/types\/page"}],"author":[{"embeddable":true,"href":"https:\/\/hormoncoaching-drknoechel.de\/en\/wp-json\/wp\/v2\/users\/1"}],"replies":[{"embeddable":true,"href":"https:\/\/hormoncoaching-drknoechel.de\/en\/wp-json\/wp\/v2\/comments?post=158"}],"version-history":[{"count":9,"href":"https:\/\/hormoncoaching-drknoechel.de\/en\/wp-json\/wp\/v2\/pages\/158\/revisions"}],"predecessor-version":[{"id":256,"href":"https:\/\/hormoncoaching-drknoechel.de\/en\/wp-json\/wp\/v2\/pages\/158\/revisions\/256"}],"wp:attachment":[{"href":"https:\/\/hormoncoaching-drknoechel.de\/en\/wp-json\/wp\/v2\/media?parent=158"}],"curies":[{"name":"wp","href":"https:\/\/api.w.org\/{rel}","templated":true}]}}